{"id":7918,"date":"2024-11-07T21:38:52","date_gmt":"2024-11-07T21:38:52","guid":{"rendered":"http:\/\/texking.es\/?page_id=7918"},"modified":"2024-12-29T20:10:29","modified_gmt":"2024-12-29T20:10:29","slug":"sudadera-lugo","status":"publish","type":"page","link":"https:\/\/texking.es\/en\/sudadera-lugo\/","title":{"rendered":"SUDADERA LUGO"},"content":{"rendered":"<div data-colibri-id=\"7918-c1\" class=\"style-2958 style-local-7918-c1 position-relative\">\n  <!---->\n  <div data-colibri-component=\"section\" data-colibri-id=\"7918-c2\" id=\"reusable-sections\" class=\"h-section h-section-global-spacing d-flex align-items-lg-center align-items-md-center align-items-center style-2959 style-local-7918-c2 position-relative\">\n    <!---->\n    <!---->\n    <div class=\"h-section-grid-container h-section-boxed-container\">\n      <!---->\n      <div data-colibri-id=\"7918-c3\" class=\"h-row-container gutters-row-lg-2 gutters-row-md-2 gutters-row-0 gutters-row-v-lg-2 gutters-row-v-md-2 gutters-row-v-2 style-2960 style-local-7918-c3 position-relative\">\n        <!---->\n        <div class=\"h-row justify-content-lg-center justify-content-md-center justify-content-center align-items-lg-stretch align-items-md-stretch align-items-stretch gutters-col-lg-2 gutters-col-md-2 gutters-col-0 gutters-col-v-lg-2 gutters-col-v-md-2 gutters-col-v-2\">\n          <!---->\n          <div class=\"h-column h-column-container d-flex h-col-lg-auto h-col-md-auto h-col-auto style-2961-outer style-local-7918-c4-outer\">\n            <div data-colibri-id=\"7918-c4\" class=\"d-flex h-flex-basis h-column__inner h-px-lg-2 h-px-md-2 h-px-2 v-inner-lg-2 v-inner-md-2 v-inner-2 style-2961 style-local-7918-c4 position-relative\">\n              <!---->\n              <!---->\n              <div class=\"w-100 h-y-container h-column__content h-column__v-align flex-basis-100 align-self-lg-start align-self-md-start align-self-start\">\n                <!---->\n                <div data-colibri-id=\"7918-c5\" class=\"h-global-transition-all h-heading style-2962 style-local-7918-c5 position-relative h-element\">\n                  <!---->\n                  <div class=\"h-heading__outer style-2962 style-local-7918-c5\">\n                    <!---->\n                    <!---->\n                    <h4 class=\"\">LA PAZ CA2204<\/h4>\n                  <\/div>\n                <\/div>\n              <\/div>\n            <\/div>\n          <\/div>\n        <\/div>\n      <\/div>\n      <div data-colibri-id=\"7918-c6\" class=\"h-row-container gutters-row-lg-2 gutters-row-md-2 gutters-row-0 gutters-row-v-lg-2 gutters-row-v-md-2 gutters-row-v-2 style-2996 style-local-7918-c6 position-relative\">\n        <!---->\n        <div class=\"h-row justify-content-lg-center justify-content-md-center justify-content-center align-items-lg-stretch align-items-md-stretch align-items-stretch gutters-col-lg-2 gutters-col-md-2 gutters-col-0 gutters-col-v-lg-2 gutters-col-v-md-2 gutters-col-v-2\">\n          <!---->\n          <div class=\"h-column h-column-container d-flex h-col-lg-auto h-col-md-auto h-col-auto style-2997-outer style-local-7918-c7-outer\">\n            <div data-colibri-id=\"7918-c7\" class=\"d-flex h-flex-basis h-column__inner h-px-lg-2 h-px-md-2 h-px-2 v-inner-lg-2 v-inner-md-2 v-inner-2 style-2997 style-local-7918-c7 position-relative\">\n              <!---->\n              <!---->\n              <div class=\"w-100 h-y-container h-column__content h-column__v-align flex-basis-100 align-self-lg-start align-self-md-start align-self-start\">\n                <!---->\n                <div data-colibri-id=\"7918-c8\" class=\"h-text h-text-component style-2998 style-local-7918-c8 position-relative h-element\">\n                  <!---->\n                  <!---->\n                  <div class=\"\">\n                    <h4><span style=\"font-family: &quot;Archivo Black&quot;;\">SUDADERA LUGO<\/span><\/h4>\n                  <\/div>\n                <\/div>\n              <\/div>\n            <\/div>\n          <\/div>\n        <\/div>\n      <\/div>\n      <div data-colibri-id=\"7918-c9\" class=\"h-row-container gutters-row-lg-2 gutters-row-md-2 gutters-row-0 gutters-row-v-lg-2 gutters-row-v-md-2 gutters-row-v-2 style-2963 style-local-7918-c9 position-relative\">\n        <!---->\n        <div class=\"h-row justify-content-lg-center justify-content-md-center justify-content-center align-items-lg-stretch align-items-md-stretch align-items-stretch gutters-col-lg-2 gutters-col-md-2 gutters-col-0 gutters-col-v-lg-2 gutters-col-v-md-2 gutters-col-v-2\">\n          <!---->\n          <div class=\"h-column h-column-container d-flex h-col-lg-auto h-col-md-auto h-col-auto style-2964-outer style-local-7918-c10-outer\">\n            <div data-colibri-id=\"7918-c10\" class=\"d-flex h-flex-basis h-column__inner h-px-lg-2 h-px-md-2 h-px-2 v-inner-lg-2 v-inner-md-2 v-inner-2 style-2964 style-local-7918-c10 position-relative\">\n              <!---->\n              <!---->\n              <div class=\"w-100 h-y-container h-column__content h-column__v-align flex-basis-100 align-self-lg-start align-self-md-start align-self-start\">\n                <!---->\n                <div data-colibri-id=\"7918-c11\" class=\"d-block style-2965 style-local-7918-c11 position-relative h-element\">\n                  <!---->\n                  <div class=\"h-image__frame-container-outer\">\n                    <div class=\"h-image__frame-container\">\n                      <!---->\n                      <!---->\n                      <img loading=\"lazy\" decoding=\"async\" width=\"1706\" height=\"2248\" src=\"http:\/\/texking.es\/wp-content\/uploads\/2024\/12\/cropped-Page-26-Lugo-scaled-1.jpg\" class=\"wp-image-8187 style-2965-image style-local-7918-c11-image\" alt=\"\" srcset=\"https:\/\/texking.es\/wp-content\/uploads\/2024\/12\/cropped-Page-26-Lugo-scaled-1.jpg 1706w, https:\/\/texking.es\/wp-content\/uploads\/2024\/12\/cropped-Page-26-Lugo-scaled-1-228x300.jpg 228w, https:\/\/texking.es\/wp-content\/uploads\/2024\/12\/cropped-Page-26-Lugo-scaled-1-777x1024.jpg 777w, https:\/\/texking.es\/wp-content\/uploads\/2024\/12\/cropped-Page-26-Lugo-scaled-1-768x1012.jpg 768w, https:\/\/texking.es\/wp-content\/uploads\/2024\/12\/cropped-Page-26-Lugo-scaled-1-1166x1536.jpg 1166w, https:\/\/texking.es\/wp-content\/uploads\/2024\/12\/cropped-Page-26-Lugo-scaled-1-1554x2048.jpg 1554w, https:\/\/texking.es\/wp-content\/uploads\/2024\/12\/cropped-Page-26-Lugo-scaled-1-600x791.jpg 600w\" sizes=\"auto, (max-width: 1706px) 100vw, 1706px\" \/>\n                      <div class=\"h-image__frame h-hide-lg h-hide-md h-hide-sm style-2965-frameImage style-local-7918-c11-frameImage\"><\/div>\n                    <\/div>\n                  <\/div>\n                <\/div>\n              <\/div>\n            <\/div>\n          <\/div>\n          <div class=\"h-column h-column-container d-flex h-col-lg-auto h-col-md-auto h-col-auto style-2966-outer style-local-7918-c12-outer\">\n            <div data-colibri-id=\"7918-c12\" class=\"d-flex h-flex-basis h-column__inner h-px-lg-2 h-px-md-2 h-px-2 v-inner-lg-2 v-inner-md-2 v-inner-2 style-2966 style-local-7918-c12 position-relative\">\n              <!---->\n              <!---->\n              <div class=\"w-100 h-y-container h-column__content h-column__v-align flex-basis-100 align-self-lg-center align-self-md-center align-self-center\">\n                <!---->\n                <div data-colibri-id=\"7918-c13\" class=\"h-row-container gutters-row-lg-2 gutters-row-md-2 gutters-row-0 gutters-row-v-lg-2 gutters-row-v-md-2 gutters-row-v-2 style-2967 style-local-7918-c13 position-relative\">\n                  <!---->\n                  <div class=\"h-row justify-content-lg-center justify-content-md-center justify-content-center align-items-lg-stretch align-items-md-stretch align-items-stretch gutters-col-lg-2 gutters-col-md-2 gutters-col-0 gutters-col-v-lg-2 gutters-col-v-md-2 gutters-col-v-2\">\n                    <!---->\n                    <div class=\"h-column h-column-container d-flex h-col-lg-6 h-col-md-6 h-col-6 style-2968-outer style-local-7918-c14-outer\">\n                      <div data-colibri-id=\"7918-c14\" class=\"d-flex h-flex-basis h-column__inner h-px-lg-2 h-px-md-2 h-px-2 v-inner-lg-2 v-inner-md-2 v-inner-2 style-2968 style-local-7918-c14 position-relative\">\n                        <!---->\n                        <!---->\n                        <div class=\"w-100 h-y-container h-column__content h-column__v-align flex-basis-100 align-self-lg-center align-self-md-center align-self-center\">\n                          <!---->\n                          <div data-colibri-id=\"7918-c15\" class=\"d-block style-2969 style-local-7918-c15 position-relative h-element\">\n                            <!---->\n                            <div class=\"h-image__frame-container-outer\">\n                              <div class=\"h-image__frame-container\">\n                                <!---->\n                                <!---->\n                                <img loading=\"lazy\" decoding=\"async\" width=\"880\" height=\"210\" src=\"http:\/\/texking.es\/wp-content\/uploads\/2024\/01\/WhatsApp-Image-2024-01-04-at-12.44.09-1.jpeg\" class=\"wp-image-5525 style-2969-image style-local-7918-c15-image\" alt=\"\" srcset=\"https:\/\/texking.es\/wp-content\/uploads\/2024\/01\/WhatsApp-Image-2024-01-04-at-12.44.09-1.jpeg 880w, https:\/\/texking.es\/wp-content\/uploads\/2024\/01\/WhatsApp-Image-2024-01-04-at-12.44.09-1-300x72.jpeg 300w, https:\/\/texking.es\/wp-content\/uploads\/2024\/01\/WhatsApp-Image-2024-01-04-at-12.44.09-1-768x183.jpeg 768w, https:\/\/texking.es\/wp-content\/uploads\/2024\/01\/WhatsApp-Image-2024-01-04-at-12.44.09-1-600x143.jpeg 600w\" sizes=\"auto, (max-width: 880px) 100vw, 880px\" \/>\n                                <div class=\"h-image__frame h-hide-lg h-hide-md h-hide-sm style-2969-frameImage style-local-7918-c15-frameImage\"><\/div>\n                              <\/div>\n                            <\/div>\n                          <\/div>\n                        <\/div>\n                      <\/div>\n                    <\/div>\n                    <div class=\"h-column h-column-container d-flex h-col-lg-6 h-col-md-6 h-col-6 style-2970-outer style-local-7918-c16-outer\">\n                      <div data-colibri-id=\"7918-c16\" class=\"d-flex h-flex-basis h-column__inner h-px-lg-2 h-px-md-2 h-px-2 v-inner-lg-2 v-inner-md-2 v-inner-2 style-2970 style-local-7918-c16 position-relative\">\n                        <!---->\n                        <!---->\n                        <div class=\"w-100 h-y-container h-column__content h-column__v-align flex-basis-100 align-self-lg-center align-self-md-center align-self-center\">\n                          <!---->\n                          <div data-colibri-id=\"7918-c17\" class=\"d-block style-2971 style-local-7918-c17 position-relative h-element\">\n                            <!---->\n                            <div class=\"h-image__frame-container-outer\">\n                              <div class=\"h-image__frame-container\">\n                                <!---->\n                                <!---->\n                                <img loading=\"lazy\" decoding=\"async\" width=\"328\" height=\"72\" src=\"http:\/\/texking.es\/wp-content\/uploads\/2024\/01\/WhatsApp-Image-2024-01-04-at-12.44.09.jpeg\" class=\"wp-image-5526 style-2971-image style-local-7918-c17-image\" alt=\"\" srcset=\"https:\/\/texking.es\/wp-content\/uploads\/2024\/01\/WhatsApp-Image-2024-01-04-at-12.44.09.jpeg 328w, https:\/\/texking.es\/wp-content\/uploads\/2024\/01\/WhatsApp-Image-2024-01-04-at-12.44.09-300x66.jpeg 300w\" sizes=\"auto, (max-width: 328px) 100vw, 328px\" \/>\n                                <div class=\"h-image__frame h-hide-lg h-hide-md h-hide-sm style-2971-frameImage style-local-7918-c17-frameImage\"><\/div>\n                              <\/div>\n                            <\/div>\n                          <\/div>\n                        <\/div>\n                      <\/div>\n                    <\/div>\n                  <\/div>\n                <\/div>\n                <div data-colibri-id=\"7918-c18\" class=\"h-row-container gutters-row-lg-2 gutters-row-md-2 gutters-row-0 gutters-row-v-lg-2 gutters-row-v-md-2 gutters-row-v-2 style-2972 style-local-7918-c18 position-relative\">\n                  <!---->\n                  <div class=\"h-row justify-content-lg-center justify-content-md-center justify-content-center align-items-lg-stretch align-items-md-stretch align-items-stretch gutters-col-lg-2 gutters-col-md-2 gutters-col-0 gutters-col-v-lg-2 gutters-col-v-md-2 gutters-col-v-2\">\n                    <!---->\n                    <div class=\"h-column h-column-container d-flex h-col-lg-12 h-col-md-12 h-col-12 style-2973-outer style-local-7918-c19-outer\">\n                      <div data-colibri-id=\"7918-c19\" class=\"d-flex h-flex-basis h-column__inner h-px-lg-2 h-px-md-2 h-px-2 v-inner-lg-2 v-inner-md-2 v-inner-2 style-2973 style-local-7918-c19 position-relative\">\n                        <!---->\n                        <!---->\n                        <div class=\"w-100 h-y-container h-column__content h-column__v-align flex-basis-100 align-self-lg-start align-self-md-start align-self-start\">\n                          <!---->\n                          <div data-colibri-id=\"7918-c20\" class=\"h-divider style-2974 style-local-7918-c20 position-relative h-element\">\n                            <!----><span class=\"h-divider__line style-2974-line style-local-7918-c20-line style-2974-line style-local-7918-c20-line\"><\/span><\/div>\n                          <div data-colibri-id=\"7918-c21\" class=\"h-global-transition-all h-heading style-2975 style-local-7918-c21 position-relative h-element\">\n                            <!---->\n                            <div class=\"h-heading__outer style-2975 style-local-7918-c21\">\n                              <!---->\n                              <!---->\n                              <h4 class=\"\">DESCRIPCI\u00d3N:<\/h4>\n                            <\/div>\n                          <\/div>\n                          <div data-colibri-id=\"7918-c22\" class=\"h-text h-text-component style-2976 style-local-7918-c22 position-relative h-element\">\n                            <!---->\n                            <!---->\n                            <div class=\"\">\n                              <p>Sudadera unisex con capucha, con cord\u00f3n ajustable, cubrecosturas en el cuello y bolsillo canguro.<\/p>\n                              <p>Punto canal\u00e9 con elastano 1&#215;1 en pu\u00f1os y cintura.<\/p>\n                            <\/div>\n                          <\/div>\n                          <div data-colibri-id=\"7918-c23\" class=\"h-divider style-2977 style-local-7918-c23 position-relative h-element\">\n                            <!----><span class=\"h-divider__line style-2977-line style-local-7918-c23-line style-2977-line style-local-7918-c23-line\"><\/span><\/div>\n                          <div data-colibri-id=\"7918-c24\" class=\"h-global-transition-all h-heading style-2978 style-local-7918-c24 position-relative h-element\">\n                            <!---->\n                            <div class=\"h-heading__outer style-2978 style-local-7918-c24\">\n                              <!---->\n                              <!---->\n                              <h4 class=\"\">COMPOSICI\u00d3N:<\/h4>\n                            <\/div>\n                          <\/div>\n                          <div data-colibri-id=\"7918-c25\" class=\"h-text h-text-component style-2979 style-local-7918-c25 position-relative h-element\">\n                            <!---->\n                            <!---->\n                            <div class=\"\">\n                              <p>Material: 50% cotton \/ 50% polyester, quilted fleece, 300 g\/m\u00b2.<\/p>\n                              <p>*Color gris vigor\u00e9 58:&nbsp; 55% algod\u00f3n \/ 40% poli\u00e9ster \/ 5% viscosa.<\/p>\n                            <\/div>\n                          <\/div>\n                          <div data-colibri-id=\"7918-c26\" class=\"h-divider style-2980 style-local-7918-c26 position-relative h-element\">\n                            <!----><span class=\"h-divider__line style-2980-line style-local-7918-c26-line style-2980-line style-local-7918-c26-line\"><\/span><\/div>\n                          <div data-colibri-id=\"7918-c27\" class=\"h-global-transition-all h-heading style-2981 style-local-7918-c27 position-relative h-element\">\n                            <!---->\n                            <div class=\"h-heading__outer style-2981 style-local-7918-c27\">\n                              <!---->\n                              <!---->\n                              <h4 class=\"\">TALLAS:<\/h4>\n                            <\/div>\n                          <\/div>\n                          <div data-colibri-id=\"7918-c28\" class=\"h-text h-text-component style-2982 style-local-7918-c28 position-relative h-element\">\n                            <!---->\n                            <!---->\n                            <div class=\"\">\n                              <p>Unisex: XS \u2013 M \u2013 L \u2013 XL \u2013 XXL \u2013 3XL<\/p>\n                            <\/div>\n                          <\/div>\n                          <div data-colibri-id=\"7918-c29\" class=\"h-divider style-2983 style-local-7918-c29 position-relative h-element\">\n                            <!----><span class=\"h-divider__line style-2983-line style-local-7918-c29-line style-2983-line style-local-7918-c29-line\"><\/span><\/div>\n                          <div data-colibri-id=\"7918-c30\" class=\"h-global-transition-all h-heading style-2984 style-local-7918-c30 position-relative h-element\">\n                            <!---->\n                            <div class=\"h-heading__outer style-2984 style-local-7918-c30\">\n                              <!---->\n                              <!---->\n                              <h4 class=\"\">OBSERVACIONES:<\/h4>\n                            <\/div>\n                          <\/div>\n                          <div data-colibri-id=\"7918-c31\" class=\"h-text h-text-component style-2985 style-local-7918-c31 position-relative h-element\">\n                            <!---->\n                            <!---->\n                            <div class=\"\">\n                              <p>*Removable label *Transfer *Handling<\/p>\n                            <\/div>\n                          <\/div>\n                          <div data-colibri-id=\"7918-c32\" class=\"h-divider style-2986 style-local-7918-c32 position-relative h-element\">\n                            <!----><span class=\"h-divider__line style-2986-line style-local-7918-c32-line style-2986-line style-local-7918-c32-line\"><\/span><\/div>\n                          <div data-colibri-id=\"7918-c33\" class=\"h-global-transition-all h-heading style-2987 style-local-7918-c33 position-relative h-element\">\n                            <!---->\n                            <div class=\"h-heading__outer style-2987 style-local-7918-c33\">\n                              <!---->\n                              <!---->\n                              <h4 class=\"\">CANTIDAD:<\/h4>\n                            <\/div>\n                          <\/div>\n                          <div data-colibri-id=\"7918-c34\" class=\"h-text h-text-component style-2988 style-local-7918-c34 position-relative h-element\">\n                            <!---->\n                            <!---->\n                            <div class=\"\">\n                              <p>Box of 25 units. Pack: 1 unit. <\/p>\n                              <p>** Nota: limitaciones de este tipo de tejido y la necesidad de proteger de migraciones la tinta del dibujo al hacer marcados y estampaciones sobre el mismo..<\/p>\n                            <\/div>\n                          <\/div>\n                          <div data-colibri-id=\"7918-c35\" class=\"h-divider style-2989 style-local-7918-c35 position-relative h-element\">\n                            <!----><span class=\"h-divider__line style-2989-line style-local-7918-c35-line style-2989-line style-local-7918-c35-line\"><\/span><\/div>\n                          <div data-colibri-id=\"7918-c36\" class=\"h-text h-text-component style-2995 style-local-7918-c36 position-relative h-element\">\n                            <!---->\n                            <!---->\n                            <div class=\"\">\n                              <p>COLORES DISPONIBLES:<\/p>\n                            <\/div>\n                          <\/div>\n                          <div data-colibri-id=\"7918-c37\" class=\"h-text h-text-component style-2988 style-local-7918-c37 position-relative h-element\">\n                            <!---->\n                            <!---->\n                            <div class=\"\">\n                              <p>Blanco &#8211; Negro &#8211; Rojo &#8211; Azul Marino &#8211; Vigore &#8211; Azul Royal- Verde Bosque.<\/p>\n                            <\/div>\n                          <\/div>\n                          <div data-colibri-id=\"7918-c38\" class=\"h-divider style-2989 style-local-7918-c38 position-relative h-element\">\n                            <!----><span class=\"h-divider__line style-2989-line style-local-7918-c38-line style-2989-line style-local-7918-c38-line\"><\/span><\/div>\n                          <div data-colibri-id=\"7918-c39\" class=\"h-global-transition-all h-heading style-2990 style-local-7918-c39 position-relative h-element\">\n                            <!---->\n                            <div class=\"h-heading__outer style-2990 style-local-7918-c39\">\n                              <!---->\n                              <!---->\n                              <h4 class=\"\">GU\u00cdA DE TALLAS:<\/h4>\n                            <\/div>\n                          <\/div>\n                          <div data-colibri-id=\"7918-c40\" class=\"h-x-container style-2991 style-local-7918-c40 position-relative h-element\">\n                            <!---->\n                            <div class=\"h-x-container-inner style-dynamic-7918-c40-group style-2991-spacing style-local-7918-c40-spacing\"><span class=\"h-button__outer style-2992-outer style-local-7918-c41-outer d-inline-flex h-element\"><a h-use-smooth-scroll=\"true\" href=\"http:\/\/texking.es\/wp-content\/uploads\/2023\/12\/Size-Guide.pdf\" target=\"_blank\"  data-colibri-id=\"7918-c41\" class=\"d-flex w-100 align-items-center h-button justify-content-lg-center justify-content-md-center justify-content-center style-2992 style-local-7918-c41 position-relative\"><!----><!----> <span>Saber m\u00e1s <\/span><\/a>\n                              <\/span>\n                            <\/div>\n                          <\/div>\n                        <\/div>\n                      <\/div>\n                    <\/div>\n                  <\/div>\n                <\/div>\n              <\/div>\n            <\/div>\n          <\/div>\n        <\/div>\n      <\/div>\n    <\/div>\n  <\/div>\n<\/div>","protected":false},"excerpt":{"rendered":"<p>LA PAZ CA2204 SUDADERA LUGO DESCRIPCI\u00d3N: Sudadera unisex con capucha, con cord\u00f3n ajustable, cubrecosturas en el cuello y bolsillo canguro. Punto canal\u00e9 con elastano 1&#215;1 en pu\u00f1os y cintura. COMPOSICI\u00d3N: Material: 50% algod\u00f3n \/ 50% poli\u00e9ster, felpa perchada, 300 g\/m\u00b2. *Color gris vigor\u00e9 58:&nbsp; 55% algod\u00f3n \/ 40% poli\u00e9ster \/ 5% viscosa. TALLAS: Unisex: XS [&hellip;]<\/p>","protected":false},"author":1,"featured_media":0,"parent":0,"menu_order":0,"comment_status":"closed","ping_status":"closed","template":"page-templates\/full-width-page.php","meta":{"footnotes":""},"class_list":["post-7918","page","type-page","status-publish","hentry"],"_links":{"self":[{"href":"https:\/\/texking.es\/en\/wp-json\/wp\/v2\/pages\/7918","targetHints":{"allow":["GET"]}}],"collection":[{"href":"https:\/\/texking.es\/en\/wp-json\/wp\/v2\/pages"}],"about":[{"href":"https:\/\/texking.es\/en\/wp-json\/wp\/v2\/types\/page"}],"author":[{"embeddable":true,"href":"https:\/\/texking.es\/en\/wp-json\/wp\/v2\/users\/1"}],"replies":[{"embeddable":true,"href":"https:\/\/texking.es\/en\/wp-json\/wp\/v2\/comments?post=7918"}],"version-history":[{"count":8,"href":"https:\/\/texking.es\/en\/wp-json\/wp\/v2\/pages\/7918\/revisions"}],"predecessor-version":[{"id":8190,"href":"https:\/\/texking.es\/en\/wp-json\/wp\/v2\/pages\/7918\/revisions\/8190"}],"wp:attachment":[{"href":"https:\/\/texking.es\/en\/wp-json\/wp\/v2\/media?parent=7918"}],"curies":[{"name":"wp","href":"https:\/\/api.w.org\/{rel}","templated":true}]}}