{"id":4930,"date":"2023-12-20T12:48:49","date_gmt":"2023-12-20T12:48:49","guid":{"rendered":"http:\/\/texking.es\/?page_id=4930"},"modified":"2025-12-02T18:11:33","modified_gmt":"2025-12-02T18:11:33","slug":"casablanca","status":"publish","type":"page","link":"https:\/\/texking.es\/en\/casablanca\/","title":{"rendered":"CASABLANCA"},"content":{"rendered":"<div data-colibri-id=\"4930-c1\" class=\"style-2496 style-local-4930-c1 position-relative\">\n  <!---->\n  <div data-colibri-component=\"section\" data-colibri-id=\"4930-c2\" id=\"reusable-sections\" class=\"h-section h-section-global-spacing d-flex align-items-lg-center align-items-md-center align-items-center style-2497 style-local-4930-c2 position-relative\">\n    <!---->\n    <!---->\n    <div class=\"h-section-grid-container h-section-fluid-container\">\n      <!---->\n      <div data-colibri-id=\"4930-c3\" class=\"h-row-container gutters-row-lg-2 gutters-row-md-2 gutters-row-0 gutters-row-v-lg-2 gutters-row-v-md-2 gutters-row-v-2 style-2498 style-local-4930-c3 position-relative\">\n        <!---->\n        <div class=\"h-row justify-content-lg-center justify-content-md-center justify-content-center align-items-lg-stretch align-items-md-stretch align-items-stretch gutters-col-lg-2 gutters-col-md-2 gutters-col-0 gutters-col-v-lg-2 gutters-col-v-md-2 gutters-col-v-2\">\n          <!---->\n          <div class=\"h-column h-column-container d-flex h-col-lg-auto h-col-md-auto h-col-auto style-2499-outer style-local-4930-c4-outer\">\n            <div data-colibri-id=\"4930-c4\" class=\"d-flex h-flex-basis h-column__inner h-px-lg-2 h-px-md-2 h-px-2 v-inner-lg-2 v-inner-md-2 v-inner-2 style-2499 style-local-4930-c4 position-relative\">\n              <!---->\n              <!---->\n              <div class=\"w-100 h-y-container h-column__content h-column__v-align flex-basis-100 align-self-lg-start align-self-md-start align-self-start\">\n                <!---->\n                <div data-colibri-id=\"4930-c5\" class=\"h-global-transition-all h-heading style-2500 style-local-4930-c5 position-relative h-element\">\n                  <!---->\n                  <div class=\"h-heading__outer style-2500 style-local-4930-c5\">\n                    <!---->\n                    <!---->\n                    <h4 class=\"\">CASABLANCA CA1708<\/h4>\n                  <\/div>\n                <\/div>\n              <\/div>\n            <\/div>\n          <\/div>\n        <\/div>\n      <\/div>\n      <div data-colibri-id=\"4930-c6\" class=\"h-row-container gutters-row-lg-2 gutters-row-md-2 gutters-row-0 gutters-row-v-lg-2 gutters-row-v-md-2 gutters-row-v-2 style-2501 style-local-4930-c6 position-relative\">\n        <!---->\n        <div class=\"h-row justify-content-lg-center justify-content-md-center justify-content-center align-items-lg-stretch align-items-md-stretch align-items-stretch gutters-col-lg-2 gutters-col-md-2 gutters-col-0 gutters-col-v-lg-2 gutters-col-v-md-2 gutters-col-v-2\">\n          <!---->\n          <div class=\"h-column h-column-container d-flex h-col-lg-auto h-col-md-auto h-col-auto style-2502-outer style-local-4930-c7-outer\">\n            <div data-colibri-id=\"4930-c7\" class=\"d-flex h-flex-basis h-column__inner h-px-lg-2 h-px-md-2 h-px-2 v-inner-lg-2 v-inner-md-2 v-inner-2 style-2502 style-local-4930-c7 position-relative\">\n              <!---->\n              <!---->\n              <div class=\"w-100 h-y-container h-column__content h-column__v-align flex-basis-100 align-self-lg-start align-self-md-start align-self-start\">\n                <!---->\n                <div data-colibri-id=\"4930-c8\" class=\"style-5071 style-local-4930-c8 position-relative h-element\">\n                  <!---->\n                  <div class=\"\">\n                    <div id=\"visor-producto\" class=\"visor-producto\">\n                      <div class=\"visor-flex\">\n                        <div class=\"modelo-box\">\n                          <img decoding=\"async\" id=\"img-modelo\" class=\"img-modelo\" src=\"http:\/\/texking.es\/wp-content\/uploads\/2024\/01\/cropped-WhatsApp-Image-2024-01-12-at-12.56.51.jpeg\" alt=\"Modelo\"> <\/div>\n                        <div class=\"color-box\">\n                          <img decoding=\"async\" id=\"img-color\" class=\"img-color\" src=\"https:\/\/texking.es\/wp-content\/uploads\/2025\/11\/BLANCO-01-22-scaled.jpg\" alt=\"Color actual\"> <\/div>\n                      <\/div>\n                    <\/div>\n                  <\/div>\n                <\/div>\n              <\/div>\n            <\/div>\n          <\/div>\n          <div class=\"h-column h-column-container d-flex h-col-lg-auto h-col-md-auto h-col-auto style-2504-outer style-local-4930-c9-outer\">\n            <div data-colibri-id=\"4930-c9\" class=\"d-flex h-flex-basis h-column__inner h-px-lg-2 h-px-md-2 h-px-2 v-inner-lg-2 v-inner-md-2 v-inner-2 style-2504 style-local-4930-c9 position-relative\">\n              <!---->\n              <!---->\n              <div class=\"w-100 h-y-container h-column__content h-column__v-align flex-basis-100 align-self-lg-center align-self-md-center align-self-center\">\n                <!---->\n                <div data-colibri-id=\"4930-c10\" class=\"h-row-container gutters-row-lg-2 gutters-row-md-2 gutters-row-0 gutters-row-v-lg-2 gutters-row-v-md-2 gutters-row-v-2 style-2510 style-local-4930-c10 position-relative\">\n                  <!---->\n                  <div class=\"h-row justify-content-lg-center justify-content-md-center justify-content-center align-items-lg-stretch align-items-md-stretch align-items-stretch gutters-col-lg-2 gutters-col-md-2 gutters-col-0 gutters-col-v-lg-2 gutters-col-v-md-2 gutters-col-v-2\">\n                    <!---->\n                    <div class=\"h-column h-column-container d-flex h-col-lg-12 h-col-md-12 h-col-12 style-2511-outer style-local-4930-c11-outer\">\n                      <div data-colibri-id=\"4930-c11\" class=\"d-flex h-flex-basis h-column__inner h-px-lg-2 h-px-md-2 h-px-2 v-inner-lg-2 v-inner-md-2 v-inner-2 style-2511 style-local-4930-c11 position-relative\">\n                        <!---->\n                        <!---->\n                        <div class=\"w-100 h-y-container h-column__content h-column__v-align flex-basis-100 align-self-lg-start align-self-md-start align-self-start\">\n                          <!---->\n                          <div data-colibri-id=\"4930-c12\" class=\"h-divider style-3061 style-local-4930-c12 position-relative h-element\">\n                            <!----><span class=\"h-divider__line style-3061-line style-local-4930-c12-line style-3061-line style-local-4930-c12-line\"><\/span><\/div>\n                          <div data-colibri-id=\"4930-c13\" class=\"h-text h-text-component style-4310 style-local-4930-c13 position-relative h-element\">\n                            <!---->\n                            <!---->\n                            <div class=\"\">\n                              <p><strong style=\"font-weight: 700; font-size: 14px; font-family: Montserrat; color: rgb(4, 4, 4);\">CA1708 Casablanca<\/strong><\/p>\n                              <p><span style=\"color: rgb(4, 4, 4); font-family: Montserrat; font-size: 14px; font-weight: 400;\">Short sleeve T-shirt with side seams. 1\u00d71 ribbed round neck with inside seam allowance.<\/span><\/p>\n                            <\/div>\n                          <\/div>\n                          <div data-colibri-id=\"4930-c14\" class=\"style-5073 style-local-4930-c14 position-relative h-element\">\n                            <!---->\n                            <div class=\"\">\n                              <div id=\"selector-colores\" class=\"selector-colores\">\n                                <div class=\"color-item\" data-img=\"https:\/\/texking.es\/wp-content\/uploads\/2025\/11\/BLANCO-01-22-scaled.jpg\" data-nombre=\"BLANCO 01\">\n                                  <img decoding=\"async\" src=\"https:\/\/texking.es\/wp-content\/uploads\/2025\/11\/BLANCO-01-22-scaled.jpg\" alt=\"BLANCO 01\"> <span class=\"nombre-miniatura\">01<\/span> <\/div>\n                                <div class=\"color-item\" data-img=\"https:\/\/texking.es\/wp-content\/uploads\/2025\/11\/NEGRO-02-23-scaled.jpg\" data-nombre=\"NEGRO 02\">\n                                  <img decoding=\"async\" src=\"https:\/\/texking.es\/wp-content\/uploads\/2025\/11\/NEGRO-02-23-scaled.jpg\" alt=\"NEGRO 02\"> <span class=\"nombre-miniatura\">02<\/span> <\/div>\n                              <\/div>\n                            <\/div>\n                          <\/div>\n                          <div data-colibri-id=\"4930-c15\" class=\"h-divider style-3061 style-local-4930-c15 position-relative h-element\">\n                            <!----><span class=\"h-divider__line style-3061-line style-local-4930-c15-line style-3061-line style-local-4930-c15-line\"><\/span><\/div>\n                          <div data-toggle=\"true\" data-is-preview=\"true\" data-colibri-component=\"accordion\" data-colibri-id=\"4930-c16\"\n                            class=\"h-accordion style-4062 style-local-4930-c16 position-relative h-element\">\n                            <!---->\n                            <div data-colibri-id=\"4930-c17\" class=\"h-accordion-item h-accordion-item-first-child style-4063 style-local-4930-c17 position-relative h-element\">\n                              <!---->\n                              <a data-open-by-default=\"false\" href=\"#4930-c17\" class=\"h-accordion-item-title d-flex align-items-center h-global-transition\">\n                                <!----><span>COMPOSITION<\/span>\n                                <div class=\"h-accordion-item-title-normal-icon h-accordion-item-title-icon h-accordion-item-title-icon-right\"><span class=\"h-svg-icon\"><!--Icon by Ionicons (https:\/\/ionicons.com)--><svg version=\"1.1\" xmlns=\"http:\/\/www.w3.org\/2000\/svg\" xmlns:xlink=\"http:\/\/www.w3.org\/1999\/xlink\" id=\"ios-arrow-down\" viewbox=\"0 0 320 512\"><path d=\"M301 160l19 21-160 171L0 181l19-21 141 150z\"><\/path><\/svg><\/span><\/div>\n                                <div class=\"h-accordion-item-title-active-icon h-accordion-item-title-icon h-accordion-item-title-icon-right\"><span class=\"h-svg-icon\"><!--Icon by Ionicons (https:\/\/ionicons.com)--><svg version=\"1.1\" xmlns=\"http:\/\/www.w3.org\/2000\/svg\" xmlns:xlink=\"http:\/\/www.w3.org\/1999\/xlink\" id=\"ios-arrow-up\" viewbox=\"0 0 320 512\"><path d=\"M301 352L160 202 19 352 0 331l160-171 160 171z\"><\/path><\/svg><\/span><\/div>\n                              <\/a>\n                              <div id=\"4930-c17\" class=\"h-accordion-item-content__container\">\n                                <div class=\"w-100 h-y-container h-accordion-item-content\">\n                                  <!---->\n                                  <div data-colibri-id=\"4930-c18\" class=\"h-text h-text-component style-4034 style-local-4930-c18 position-relative h-element\">\n                                    <!---->\n                                    <!---->\n                                    <div class=\"\">\n                                      <p><span style=\"font-weight: 400; font-size: 14px; font-family: Montserrat; color: rgb(4, 4, 4);\">100% cotton plain knit 190 - 200 g\/m2.<\/span><\/p>\n                                    <\/div>\n                                  <\/div>\n                                <\/div>\n                              <\/div>\n                            <\/div>\n                          <\/div>\n                          <div data-colibri-id=\"4930-c19\" class=\"h-divider style-3061 style-local-4930-c19 position-relative h-element\">\n                            <!----><span class=\"h-divider__line style-3061-line style-local-4930-c19-line style-3061-line style-local-4930-c19-line\"><\/span><\/div>\n                          <div data-toggle=\"true\" data-is-preview=\"true\" data-colibri-component=\"accordion\" data-colibri-id=\"4930-c20\"\n                            class=\"h-accordion style-4064 style-local-4930-c20 position-relative h-element\">\n                            <!---->\n                            <div data-colibri-id=\"4930-c21\" class=\"h-accordion-item h-accordion-item-first-child style-4065 style-local-4930-c21 position-relative h-element\">\n                              <!---->\n                              <a data-open-by-default=\"false\" href=\"#4930-c21\" class=\"h-accordion-item-title d-flex align-items-center h-global-transition\">\n                                <!----><span>SIZES<\/span>\n                                <div class=\"h-accordion-item-title-normal-icon h-accordion-item-title-icon h-accordion-item-title-icon-right\"><span class=\"h-svg-icon\"><!--Icon by Ionicons (https:\/\/ionicons.com)--><svg version=\"1.1\" xmlns=\"http:\/\/www.w3.org\/2000\/svg\" xmlns:xlink=\"http:\/\/www.w3.org\/1999\/xlink\" id=\"ios-arrow-down\" viewbox=\"0 0 320 512\"><path d=\"M301 160l19 21-160 171L0 181l19-21 141 150z\"><\/path><\/svg><\/span><\/div>\n                                <div class=\"h-accordion-item-title-active-icon h-accordion-item-title-icon h-accordion-item-title-icon-right\"><span class=\"h-svg-icon\"><!--Icon by Ionicons (https:\/\/ionicons.com)--><svg version=\"1.1\" xmlns=\"http:\/\/www.w3.org\/2000\/svg\" xmlns:xlink=\"http:\/\/www.w3.org\/1999\/xlink\" id=\"ios-arrow-up\" viewbox=\"0 0 320 512\"><path d=\"M301 352L160 202 19 352 0 331l160-171 160 171z\"><\/path><\/svg><\/span><\/div>\n                              <\/a>\n                              <div id=\"4930-c21\" class=\"h-accordion-item-content__container\">\n                                <div class=\"w-100 h-y-container h-accordion-item-content\">\n                                  <!---->\n                                  <div data-colibri-id=\"4930-c22\" class=\"h-text h-text-component style-4041 style-local-4930-c22 position-relative h-element\">\n                                    <!---->\n                                    <!---->\n                                    <div class=\"\">\n                                      <p><span style=\"color: rgb(4, 4, 4); font-family: Montserrat; font-size: 14px; font-weight: 400;\">Hombre: S &#8211; M &#8211; L &#8211; XL &#8211; 2XL &#8211; 3XL &#8211; 4XL<\/span><\/p>\n                                    <\/div>\n                                  <\/div>\n                                <\/div>\n                              <\/div>\n                            <\/div>\n                          <\/div>\n                          <div data-colibri-id=\"4930-c23\" class=\"h-divider style-3061 style-local-4930-c23 position-relative h-element\">\n                            <!----><span class=\"h-divider__line style-3061-line style-local-4930-c23-line style-3061-line style-local-4930-c23-line\"><\/span><\/div>\n                          <div data-toggle=\"true\" data-is-preview=\"true\" data-colibri-component=\"accordion\" data-colibri-id=\"4930-c24\"\n                            class=\"h-accordion style-3418 style-local-4930-c24 position-relative h-element\">\n                            <!---->\n                            <div data-colibri-id=\"4930-c25\" class=\"h-accordion-item h-accordion-item-first-child style-3419 style-local-4930-c25 position-relative h-element\">\n                              <!---->\n                              <a data-open-by-default=\"false\" href=\"#4930-c25\" class=\"h-accordion-item-title d-flex align-items-center h-global-transition\">\n                                <!----><span>REMARKS<\/span>\n                                <div class=\"h-accordion-item-title-normal-icon h-accordion-item-title-icon h-accordion-item-title-icon-right\"><span class=\"h-svg-icon\"><!--Icon by Ionicons (https:\/\/ionicons.com)--><svg version=\"1.1\" xmlns=\"http:\/\/www.w3.org\/2000\/svg\" xmlns:xlink=\"http:\/\/www.w3.org\/1999\/xlink\" id=\"ios-arrow-down\" viewbox=\"0 0 320 512\"><path d=\"M301 160l19 21-160 171L0 181l19-21 141 150z\"><\/path><\/svg><\/span><\/div>\n                                <div class=\"h-accordion-item-title-active-icon h-accordion-item-title-icon h-accordion-item-title-icon-right\"><span class=\"h-svg-icon\"><!--Icon by Ionicons (https:\/\/ionicons.com)--><svg version=\"1.1\" xmlns=\"http:\/\/www.w3.org\/2000\/svg\" xmlns:xlink=\"http:\/\/www.w3.org\/1999\/xlink\" id=\"ios-arrow-up\" viewbox=\"0 0 320 512\"><path d=\"M301 352L160 202 19 352 0 331l160-171 160 171z\"><\/path><\/svg><\/span><\/div>\n                              <\/a>\n                              <div id=\"4930-c25\" class=\"h-accordion-item-content__container\">\n                                <div class=\"w-100 h-y-container h-accordion-item-content\">\n                                  <!---->\n                                  <div data-colibri-id=\"4930-c26\" class=\"h-text h-text-component style-4048 style-local-4930-c26 position-relative h-element\">\n                                    <!---->\n                                    <!---->\n                                    <div class=\"\">\n                                      <p><span style=\"font-weight: 400; font-size: 14px; font-family: Montserrat; color: rgb(4, 4, 4);\">*Removable label *Transfer *Handling<\/span><\/p>\n                                    <\/div>\n                                  <\/div>\n                                  <div data-colibri-id=\"4930-c27\" class=\"d-block style-2509 style-local-4930-c27 position-relative h-element\">\n                                    <!---->\n                                    <div class=\"h-image__frame-container-outer\">\n                                      <div class=\"h-image__frame-container\">\n                                        <!---->\n                                        <!---->\n                                        <img loading=\"lazy\" decoding=\"async\" width=\"626\" height=\"124\" src=\"http:\/\/texking.es\/wp-content\/uploads\/2024\/01\/WhatsApp-Image-2024-01-04-at-17.07.19.jpeg\" class=\"wp-image-6174 style-2509-image style-local-4930-c27-image\" alt=\"\" srcset=\"https:\/\/texking.es\/wp-content\/uploads\/2024\/01\/WhatsApp-Image-2024-01-04-at-17.07.19.jpeg 626w, https:\/\/texking.es\/wp-content\/uploads\/2024\/01\/WhatsApp-Image-2024-01-04-at-17.07.19-300x59.jpeg 300w, https:\/\/texking.es\/wp-content\/uploads\/2024\/01\/WhatsApp-Image-2024-01-04-at-17.07.19-600x119.jpeg 600w\" sizes=\"auto, (max-width: 626px) 100vw, 626px\" \/>\n                                        <div class=\"h-image__frame h-hide-lg h-hide-md h-hide-sm style-2509-frameImage style-local-4930-c27-frameImage\"><\/div>\n                                      <\/div>\n                                    <\/div>\n                                  <\/div>\n                                  <div data-colibri-id=\"4930-c28\" class=\"d-block style-2507 style-local-4930-c28 position-relative h-element\">\n                                    <!---->\n                                    <div class=\"h-image__frame-container-outer\">\n                                      <div class=\"h-image__frame-container\">\n                                        <!---->\n                                        <!---->\n                                        <img loading=\"lazy\" decoding=\"async\" width=\"880\" height=\"210\" src=\"http:\/\/texking.es\/wp-content\/uploads\/2024\/01\/WhatsApp-Image-2024-01-04-at-12.44.09-1.jpeg\" class=\"wp-image-5525 style-2507-image style-local-4930-c28-image\" alt=\"\" srcset=\"https:\/\/texking.es\/wp-content\/uploads\/2024\/01\/WhatsApp-Image-2024-01-04-at-12.44.09-1.jpeg 880w, https:\/\/texking.es\/wp-content\/uploads\/2024\/01\/WhatsApp-Image-2024-01-04-at-12.44.09-1-300x72.jpeg 300w, https:\/\/texking.es\/wp-content\/uploads\/2024\/01\/WhatsApp-Image-2024-01-04-at-12.44.09-1-768x183.jpeg 768w, https:\/\/texking.es\/wp-content\/uploads\/2024\/01\/WhatsApp-Image-2024-01-04-at-12.44.09-1-600x143.jpeg 600w\" sizes=\"auto, (max-width: 880px) 100vw, 880px\" \/>\n                                        <div class=\"h-image__frame h-hide-lg h-hide-md h-hide-sm style-2507-frameImage style-local-4930-c28-frameImage\"><\/div>\n                                      <\/div>\n                                    <\/div>\n                                  <\/div>\n                                <\/div>\n                              <\/div>\n                            <\/div>\n                          <\/div>\n                          <div data-colibri-id=\"4930-c29\" class=\"h-divider style-3061 style-local-4930-c29 position-relative h-element\">\n                            <!----><span class=\"h-divider__line style-3061-line style-local-4930-c29-line style-3061-line style-local-4930-c29-line\"><\/span><\/div>\n                          <div data-toggle=\"true\" data-is-preview=\"true\" data-colibri-component=\"accordion\" data-colibri-id=\"4930-c30\"\n                            class=\"h-accordion style-4066 style-local-4930-c30 position-relative h-element\">\n                            <!---->\n                            <div data-colibri-id=\"4930-c31\" class=\"h-accordion-item h-accordion-item-first-child style-4067 style-local-4930-c31 position-relative h-element\">\n                              <!---->\n                              <a data-open-by-default=\"false\" href=\"#4930-c31\" class=\"h-accordion-item-title d-flex align-items-center h-global-transition\">\n                                <!----><span>QUANTITY<\/span>\n                                <div class=\"h-accordion-item-title-normal-icon h-accordion-item-title-icon h-accordion-item-title-icon-right\"><span class=\"h-svg-icon\"><!--Icon by Ionicons (https:\/\/ionicons.com)--><svg version=\"1.1\" xmlns=\"http:\/\/www.w3.org\/2000\/svg\" xmlns:xlink=\"http:\/\/www.w3.org\/1999\/xlink\" id=\"ios-arrow-down\" viewbox=\"0 0 320 512\"><path d=\"M301 160l19 21-160 171L0 181l19-21 141 150z\"><\/path><\/svg><\/span><\/div>\n                                <div class=\"h-accordion-item-title-active-icon h-accordion-item-title-icon h-accordion-item-title-icon-right\"><span class=\"h-svg-icon\"><!--Icon by Ionicons (https:\/\/ionicons.com)--><svg version=\"1.1\" xmlns=\"http:\/\/www.w3.org\/2000\/svg\" xmlns:xlink=\"http:\/\/www.w3.org\/1999\/xlink\" id=\"ios-arrow-up\" viewbox=\"0 0 320 512\"><path d=\"M301 352L160 202 19 352 0 331l160-171 160 171z\"><\/path><\/svg><\/span><\/div>\n                              <\/a>\n                              <div id=\"4930-c31\" class=\"h-accordion-item-content__container\">\n                                <div class=\"w-100 h-y-container h-accordion-item-content\">\n                                  <!---->\n                                  <div data-colibri-id=\"4930-c32\" class=\"h-text h-text-component style-4055 style-local-4930-c32 position-relative h-element\">\n                                    <!---->\n                                    <!---->\n                                    <div class=\"\">\n                                      <p><span style=\"font-weight: 400; font-size: 14px; font-family: Montserrat; color: rgb(4, 4, 4);\">Adult: Box 100 units. Pack: 5 units. Same color same size.<\/span><\/p>\n                                    <\/div>\n                                  <\/div>\n                                <\/div>\n                              <\/div>\n                            <\/div>\n                          <\/div>\n                          <div data-colibri-id=\"4930-c33\" class=\"h-divider style-3061 style-local-4930-c33 position-relative h-element\">\n                            <!----><span class=\"h-divider__line style-3061-line style-local-4930-c33-line style-3061-line style-local-4930-c33-line\"><\/span><\/div>\n                          <div data-colibri-id=\"4930-c34\" class=\"h-x-container style-2529 style-local-4930-c34 position-relative h-element\">\n                            <!---->\n                            <div class=\"h-x-container-inner style-dynamic-4930-c34-group style-2529-spacing style-local-4930-c34-spacing\"><span class=\"h-button__outer style-4024-outer style-local-4930-c35-outer d-inline-flex h-element\"><a h-use-smooth-scroll=\"true\" href=\"http:\/\/texking.es\/wp-content\/uploads\/2025\/07\/CASABLANCA-UNISEX-CA1708.pdf\" target=\"_blank\"  data-colibri-id=\"4930-c35\" class=\"d-flex w-100 align-items-center h-button justify-content-lg-center justify-content-md-center justify-content-center style-4024 style-local-4930-c35 position-relative\"><!----><!----> <span>FICHA T\u00c9CNICA<\/span><\/a>\n                              <\/span>\n                            <\/div>\n                          <\/div>\n                        <\/div>\n                      <\/div>\n                    <\/div>\n                  <\/div>\n                <\/div>\n              <\/div>\n            <\/div>\n          <\/div>\n        <\/div>\n      <\/div>\n    <\/div>\n  <\/div>\n<\/div>","protected":false},"excerpt":{"rendered":"<p>CASABLANCA CA1708 CA1708 Casablanca Camiseta de manga corta con costura laterales. Cuello redondo en canal\u00e9 1\u00d71 con cubrecosturas interior. 01 02 COMPOSICI\u00d3N 100% algod\u00f3n punto liso 190 &#8211; 200 g\/m2. TALLAS Hombre: S &#8211; M &#8211; L &#8211; XL &#8211; 2XL &#8211; 3XL &#8211; 4XL OBSERVACIONES *Etiqueta removible *Transfer *Manipulado CANTIDAD Adulto: Caja 100 unidades. [&hellip;]<\/p>","protected":false},"author":1,"featured_media":0,"parent":0,"menu_order":0,"comment_status":"closed","ping_status":"closed","template":"page-templates\/full-width-page.php","meta":{"footnotes":""},"class_list":["post-4930","page","type-page","status-publish","hentry"],"_links":{"self":[{"href":"https:\/\/texking.es\/en\/wp-json\/wp\/v2\/pages\/4930","targetHints":{"allow":["GET"]}}],"collection":[{"href":"https:\/\/texking.es\/en\/wp-json\/wp\/v2\/pages"}],"about":[{"href":"https:\/\/texking.es\/en\/wp-json\/wp\/v2\/types\/page"}],"author":[{"embeddable":true,"href":"https:\/\/texking.es\/en\/wp-json\/wp\/v2\/users\/1"}],"replies":[{"embeddable":true,"href":"https:\/\/texking.es\/en\/wp-json\/wp\/v2\/comments?post=4930"}],"version-history":[{"count":20,"href":"https:\/\/texking.es\/en\/wp-json\/wp\/v2\/pages\/4930\/revisions"}],"predecessor-version":[{"id":15425,"href":"https:\/\/texking.es\/en\/wp-json\/wp\/v2\/pages\/4930\/revisions\/15425"}],"wp:attachment":[{"href":"https:\/\/texking.es\/en\/wp-json\/wp\/v2\/media?parent=4930"}],"curies":[{"name":"wp","href":"https:\/\/api.w.org\/{rel}","templated":true}]}}