{"id":15940,"date":"2025-12-22T17:48:31","date_gmt":"2025-12-22T17:48:31","guid":{"rendered":"https:\/\/texking.es\/?page_id=15940"},"modified":"2025-12-22T17:57:49","modified_gmt":"2025-12-22T17:57:49","slug":"simi-largo-2","status":"publish","type":"page","link":"https:\/\/texking.es\/en\/simi-largo-2\/","title":{"rendered":"SIMI LARGO"},"content":{"rendered":"<div data-colibri-id=\"15940-c1\" class=\"style-5194 style-local-15940-c1 position-relative\">\n  <!---->\n  <div data-colibri-component=\"section\" data-colibri-id=\"15940-c2\" id=\"reusable-sections\" class=\"h-section h-section-global-spacing d-flex align-items-lg-center align-items-md-center align-items-center style-5195 style-local-15940-c2 position-relative\">\n    <!---->\n    <!---->\n    <div class=\"h-section-grid-container h-section-fluid-container\">\n      <!---->\n      <div data-colibri-id=\"15940-c3\" class=\"h-row-container gutters-row-lg-2 gutters-row-md-2 gutters-row-0 gutters-row-v-lg-2 gutters-row-v-md-2 gutters-row-v-2 style-5196 style-local-15940-c3 position-relative\">\n        <!---->\n        <div class=\"h-row justify-content-lg-center justify-content-md-center justify-content-center align-items-lg-stretch align-items-md-stretch align-items-stretch gutters-col-lg-2 gutters-col-md-2 gutters-col-0 gutters-col-v-lg-2 gutters-col-v-md-2 gutters-col-v-2\">\n          <!---->\n          <div class=\"h-column h-column-container d-flex h-col-lg-auto h-col-md-auto h-col-auto style-5197-outer style-local-15940-c4-outer\">\n            <div data-colibri-id=\"15940-c4\" class=\"d-flex h-flex-basis h-column__inner h-px-lg-2 h-px-md-2 h-px-2 v-inner-lg-2 v-inner-md-2 v-inner-2 style-5197 style-local-15940-c4 position-relative\">\n              <!---->\n              <!---->\n              <div class=\"w-100 h-y-container h-column__content h-column__v-align flex-basis-100 align-self-lg-start align-self-md-start align-self-start\">\n                <!---->\n                <div data-colibri-id=\"15940-c5\" class=\"h-global-transition-all h-heading style-5198 style-local-15940-c5 position-relative h-element\">\n                  <!---->\n                  <div class=\"h-heading__outer style-5198 style-local-15940-c5\">\n                    <!---->\n                    <!---->\n                    <h4 class=\"\">SIMI LARGO CA1812<\/h4>\n                  <\/div>\n                <\/div>\n              <\/div>\n            <\/div>\n          <\/div>\n        <\/div>\n      <\/div>\n      <div data-colibri-id=\"15940-c6\" class=\"h-row-container gutters-row-lg-2 gutters-row-md-2 gutters-row-0 gutters-row-v-lg-2 gutters-row-v-md-2 gutters-row-v-2 style-5199 style-local-15940-c6 position-relative\">\n        <!---->\n        <div class=\"h-row justify-content-lg-center justify-content-md-center justify-content-center align-items-lg-stretch align-items-md-stretch align-items-stretch gutters-col-lg-2 gutters-col-md-2 gutters-col-0 gutters-col-v-lg-2 gutters-col-v-md-2 gutters-col-v-2\">\n          <!---->\n          <div class=\"h-column h-column-container d-flex h-col-lg-auto h-col-md-auto h-col-auto style-5200-outer style-local-15940-c7-outer\">\n            <div data-colibri-id=\"15940-c7\" class=\"d-flex h-flex-basis h-column__inner h-px-lg-2 h-px-md-2 h-px-2 v-inner-lg-2 v-inner-md-2 v-inner-2 style-5200 style-local-15940-c7 position-relative\">\n              <!---->\n              <!---->\n              <div class=\"w-100 h-y-container h-column__content h-column__v-align flex-basis-100 align-self-lg-start align-self-md-start align-self-start\">\n                <!---->\n                <div data-colibri-id=\"15940-c8\" class=\"style-5201 style-local-15940-c8 position-relative h-element\">\n                  <!---->\n                  <div class=\"\">\n                    <div id=\"visor-producto\" class=\"visor-producto\">\n                      <div class=\"visor-flex\">\n                        <div class=\"modelo-box\">\n                          <img decoding=\"async\" id=\"img-modelo\" class=\"img-modelo\" src=\"http:\/\/texking.es\/wp-content\/uploads\/2025\/12\/Simi-largo-scaled.jpg\" alt=\"Modelo\"> <\/div>\n                        <div class=\"color-box\">\n                          <img decoding=\"async\" id=\"img-color\" class=\"img-color\" src=\"http:\/\/texking.es\/wp-content\/uploads\/2025\/12\/Mandil-1-scaled.jpg\" alt=\"Color actual\"> <\/div>\n                      <\/div>\n                    <\/div>\n                  <\/div>\n                <\/div>\n              <\/div>\n            <\/div>\n          <\/div>\n          <div class=\"h-column h-column-container d-flex h-col-lg-auto h-col-md-auto h-col-auto style-5202-outer style-local-15940-c9-outer\">\n            <div data-colibri-id=\"15940-c9\" class=\"d-flex h-flex-basis h-column__inner h-px-lg-2 h-px-md-2 h-px-2 v-inner-lg-2 v-inner-md-2 v-inner-2 style-5202 style-local-15940-c9 position-relative\">\n              <!---->\n              <!---->\n              <div class=\"w-100 h-y-container h-column__content h-column__v-align flex-basis-100 align-self-lg-center align-self-md-center align-self-center\">\n                <!---->\n                <div data-colibri-id=\"15940-c10\" class=\"h-row-container gutters-row-lg-2 gutters-row-md-2 gutters-row-0 gutters-row-v-lg-2 gutters-row-v-md-2 gutters-row-v-2 style-5203 style-local-15940-c10 position-relative\">\n                  <!---->\n                  <div class=\"h-row justify-content-lg-center justify-content-md-center justify-content-center align-items-lg-stretch align-items-md-stretch align-items-stretch gutters-col-lg-2 gutters-col-md-2 gutters-col-0 gutters-col-v-lg-2 gutters-col-v-md-2 gutters-col-v-2\">\n                    <!---->\n                    <div class=\"h-column h-column-container d-flex h-col-lg-12 h-col-md-12 h-col-12 style-5204-outer style-local-15940-c11-outer\">\n                      <div data-colibri-id=\"15940-c11\" class=\"d-flex h-flex-basis h-column__inner h-px-lg-2 h-px-md-2 h-px-2 v-inner-lg-2 v-inner-md-2 v-inner-2 style-5204 style-local-15940-c11 position-relative\">\n                        <!---->\n                        <!---->\n                        <div class=\"w-100 h-y-container h-column__content h-column__v-align flex-basis-100 align-self-lg-start align-self-md-start align-self-start\">\n                          <!---->\n                          <div data-colibri-id=\"15940-c12\" class=\"h-divider style-5205 style-local-15940-c12 position-relative h-element\">\n                            <!----><span class=\"h-divider__line style-5205-line style-local-15940-c12-line style-5205-line style-local-15940-c12-line\"><\/span><\/div>\n                          <div data-colibri-id=\"15940-c13\" class=\"h-text h-text-component style-5206 style-local-15940-c13 position-relative h-element\">\n                            <!---->\n                            <!---->\n                            <div class=\"\">\n                              <p><strong style=\"font-weight: 700;\">CA1812 Simi largo<\/strong><\/p>\n                              <p><span style=\"font-weight: 300;\">Delantal largo sarga. Cintas del mismo tejido para ajustar en la cintura. Bolsillo grande delantero en pecho.<\/span><\/p>\n                            <\/div>\n                          <\/div>\n                          <div data-colibri-id=\"15940-c14\" class=\"h-divider style-5205 style-local-15940-c14 position-relative h-element\">\n                            <!----><span class=\"h-divider__line style-5205-line style-local-15940-c14-line style-5205-line style-local-15940-c14-line\"><\/span><\/div>\n                          <div data-toggle=\"true\" data-is-preview=\"true\" data-colibri-component=\"accordion\" data-colibri-id=\"15940-c15\"\n                            class=\"h-accordion style-5208 style-local-15940-c15 position-relative h-element\">\n                            <!---->\n                            <div data-colibri-id=\"15940-c16\" class=\"h-accordion-item h-accordion-item-first-child style-5209 style-local-15940-c16 position-relative h-element\">\n                              <!---->\n                              <a data-open-by-default=\"false\" href=\"#15940-c16\" class=\"h-accordion-item-title d-flex align-items-center h-global-transition\">\n                                <!----><span>COMPOSITION<\/span>\n                                <div class=\"h-accordion-item-title-normal-icon h-accordion-item-title-icon h-accordion-item-title-icon-right\"><span class=\"h-svg-icon\"><!--Icon by Ionicons (https:\/\/ionicons.com)--><svg version=\"1.1\" xmlns=\"http:\/\/www.w3.org\/2000\/svg\" xmlns:xlink=\"http:\/\/www.w3.org\/1999\/xlink\" id=\"ios-arrow-down\" viewbox=\"0 0 320 512\"><path d=\"M301 160l19 21-160 171L0 181l19-21 141 150z\"><\/path><\/svg><\/span><\/div>\n                                <div class=\"h-accordion-item-title-active-icon h-accordion-item-title-icon h-accordion-item-title-icon-right\"><span class=\"h-svg-icon\"><!--Icon by Ionicons (https:\/\/ionicons.com)--><svg version=\"1.1\" xmlns=\"http:\/\/www.w3.org\/2000\/svg\" xmlns:xlink=\"http:\/\/www.w3.org\/1999\/xlink\" id=\"ios-arrow-up\" viewbox=\"0 0 320 512\"><path d=\"M301 352L160 202 19 352 0 331l160-171 160 171z\"><\/path><\/svg><\/span><\/div>\n                              <\/a>\n                              <div id=\"15940-c16\" class=\"h-accordion-item-content__container\">\n                                <div class=\"w-100 h-y-container h-accordion-item-content\">\n                                  <!---->\n                                  <div data-colibri-id=\"15940-c17\" class=\"h-text h-text-component style-5210 style-local-15940-c17 position-relative h-element\">\n                                    <!---->\n                                    <!---->\n                                    <div class=\"\">\n                                      <p><span style=\"font-weight: 300;\">60% algod\u00f3n 40% poli\u00e9ster. 250g\/m2<\/span><\/p>\n                                      <p><span style=\"font-weight: 300;\">70cm x 95cm<\/span><\/p>\n                                    <\/div>\n                                  <\/div>\n                                <\/div>\n                              <\/div>\n                            <\/div>\n                          <\/div>\n                          <div data-colibri-id=\"15940-c18\" class=\"h-divider style-5205 style-local-15940-c18 position-relative h-element\">\n                            <!----><span class=\"h-divider__line style-5205-line style-local-15940-c18-line style-5205-line style-local-15940-c18-line\"><\/span><\/div>\n                          <div data-colibri-id=\"15940-c19\" class=\"h-divider style-5205 style-local-15940-c19 position-relative h-element\">\n                            <!----><span class=\"h-divider__line style-5205-line style-local-15940-c19-line style-5205-line style-local-15940-c19-line\"><\/span><\/div>\n                          <div data-toggle=\"true\" data-is-preview=\"true\" data-colibri-component=\"accordion\" data-colibri-id=\"15940-c20\"\n                            class=\"h-accordion style-5214 style-local-15940-c20 position-relative h-element\">\n                            <!---->\n                            <div data-colibri-id=\"15940-c21\" class=\"h-accordion-item h-accordion-item-first-child style-5215 style-local-15940-c21 position-relative h-element\">\n                              <!---->\n                              <a data-open-by-default=\"false\" href=\"#15940-c21\" class=\"h-accordion-item-title d-flex align-items-center h-global-transition\">\n                                <!----><span>REMARKS<\/span>\n                                <div class=\"h-accordion-item-title-normal-icon h-accordion-item-title-icon h-accordion-item-title-icon-right\"><span class=\"h-svg-icon\"><!--Icon by Ionicons (https:\/\/ionicons.com)--><svg version=\"1.1\" xmlns=\"http:\/\/www.w3.org\/2000\/svg\" xmlns:xlink=\"http:\/\/www.w3.org\/1999\/xlink\" id=\"ios-arrow-down\" viewbox=\"0 0 320 512\"><path d=\"M301 160l19 21-160 171L0 181l19-21 141 150z\"><\/path><\/svg><\/span><\/div>\n                                <div class=\"h-accordion-item-title-active-icon h-accordion-item-title-icon h-accordion-item-title-icon-right\"><span class=\"h-svg-icon\"><!--Icon by Ionicons (https:\/\/ionicons.com)--><svg version=\"1.1\" xmlns=\"http:\/\/www.w3.org\/2000\/svg\" xmlns:xlink=\"http:\/\/www.w3.org\/1999\/xlink\" id=\"ios-arrow-up\" viewbox=\"0 0 320 512\"><path d=\"M301 352L160 202 19 352 0 331l160-171 160 171z\"><\/path><\/svg><\/span><\/div>\n                              <\/a>\n                              <div id=\"15940-c21\" class=\"h-accordion-item-content__container\">\n                                <div class=\"w-100 h-y-container h-accordion-item-content\">\n                                  <!---->\n                                  <div data-colibri-id=\"15940-c22\" class=\"h-text h-text-component style-5216 style-local-15940-c22 position-relative h-element\">\n                                    <!---->\n                                    <!---->\n                                    <div class=\"\">\n                                      <p><span style=\"color: rgb(4, 4, 4); font-family: Roboto; font-size: 14px; font-weight: 300;\">*Removable label *Transfer *Handling<\/span><\/p>\n                                    <\/div>\n                                  <\/div>\n                                  <div data-colibri-id=\"15940-c23\" class=\"h-row-container gutters-row-lg-2 gutters-row-md-2 gutters-row-0 gutters-row-v-lg-2 gutters-row-v-md-2 gutters-row-v-2 style-5217 style-local-15940-c23 position-relative\">\n                                    <!---->\n                                    <div class=\"h-row justify-content-lg-center justify-content-md-center justify-content-center align-items-lg-stretch align-items-md-stretch align-items-stretch gutters-col-lg-2 gutters-col-md-2 gutters-col-0 gutters-col-v-lg-2 gutters-col-v-md-2 gutters-col-v-2\">\n                                      <!---->\n                                      <div class=\"h-column h-column-container d-flex h-col-lg-6 h-col-md-6 h-col-12 style-5218-outer style-local-15940-c24-outer\">\n                                        <div data-colibri-id=\"15940-c24\" class=\"d-flex h-flex-basis h-column__inner h-px-lg-2 h-px-md-2 h-px-2 v-inner-lg-2 v-inner-md-2 v-inner-2 style-5218 style-local-15940-c24 position-relative\">\n                                          <!---->\n                                          <!---->\n                                          <div class=\"w-100 h-y-container h-column__content h-column__v-align flex-basis-100 align-self-lg-start align-self-md-start align-self-start\">\n                                            <!---->\n                                            <div data-colibri-id=\"15940-c25\" class=\"d-block style-5219 style-local-15940-c25 position-relative h-element\">\n                                              <!---->\n                                              <div class=\"h-image__frame-container-outer\">\n                                                <div class=\"h-image__frame-container\">\n                                                  <!---->\n                                                  <!---->\n                                                  <img loading=\"lazy\" decoding=\"async\" width=\"880\" height=\"210\" src=\"https:\/\/texking.es\/wp-content\/uploads\/2024\/01\/WhatsApp-Image-2024-01-04-at-12.44.09-1.jpeg\" class=\"wp-image-5525 style-5219-image style-local-15940-c25-image\" alt=\"\" srcset=\"https:\/\/texking.es\/wp-content\/uploads\/2024\/01\/WhatsApp-Image-2024-01-04-at-12.44.09-1.jpeg 880w, https:\/\/texking.es\/wp-content\/uploads\/2024\/01\/WhatsApp-Image-2024-01-04-at-12.44.09-1-300x72.jpeg 300w, https:\/\/texking.es\/wp-content\/uploads\/2024\/01\/WhatsApp-Image-2024-01-04-at-12.44.09-1-768x183.jpeg 768w, https:\/\/texking.es\/wp-content\/uploads\/2024\/01\/WhatsApp-Image-2024-01-04-at-12.44.09-1-600x143.jpeg 600w\" sizes=\"auto, (max-width: 880px) 100vw, 880px\" \/>\n                                                  <div class=\"h-image__frame h-hide-lg h-hide-md h-hide-sm style-5219-frameImage style-local-15940-c25-frameImage\"><\/div>\n                                                <\/div>\n                                              <\/div>\n                                            <\/div>\n                                          <\/div>\n                                        <\/div>\n                                      <\/div>\n                                      <div class=\"h-column h-column-container d-flex h-col-lg-6 h-col-md-6 h-col-12 style-5220-outer style-local-15940-c26-outer\">\n                                        <div data-colibri-id=\"15940-c26\" class=\"d-flex h-flex-basis h-column__inner h-px-lg-2 h-px-md-2 h-px-2 v-inner-lg-2 v-inner-md-2 v-inner-2 style-5220 style-local-15940-c26 position-relative\">\n                                          <!---->\n                                          <!---->\n                                          <div class=\"w-100 h-y-container h-column__content h-column__v-align flex-basis-100 align-self-lg-start align-self-md-start align-self-start\">\n                                            <!---->\n                                            <div data-colibri-id=\"15940-c27\" class=\"d-block style-5221 style-local-15940-c27 position-relative h-element\">\n                                              <!---->\n                                              <div class=\"h-image__frame-container-outer\">\n                                                <div class=\"h-image__frame-container\">\n                                                  <!---->\n                                                  <!---->\n                                                  <img loading=\"lazy\" decoding=\"async\" width=\"626\" height=\"124\" src=\"https:\/\/texking.es\/wp-content\/uploads\/2024\/01\/WhatsApp-Image-2024-01-04-at-17.07.19.jpeg\" class=\"wp-image-6174 style-5221-image style-local-15940-c27-image\" alt=\"\" srcset=\"https:\/\/texking.es\/wp-content\/uploads\/2024\/01\/WhatsApp-Image-2024-01-04-at-17.07.19.jpeg 626w, https:\/\/texking.es\/wp-content\/uploads\/2024\/01\/WhatsApp-Image-2024-01-04-at-17.07.19-300x59.jpeg 300w, https:\/\/texking.es\/wp-content\/uploads\/2024\/01\/WhatsApp-Image-2024-01-04-at-17.07.19-600x119.jpeg 600w\" sizes=\"auto, (max-width: 626px) 100vw, 626px\" \/>\n                                                  <div class=\"h-image__frame h-hide-lg h-hide-md h-hide-sm style-5221-frameImage style-local-15940-c27-frameImage\"><\/div>\n                                                <\/div>\n                                              <\/div>\n                                            <\/div>\n                                          <\/div>\n                                        <\/div>\n                                      <\/div>\n                                    <\/div>\n                                  <\/div>\n                                <\/div>\n                              <\/div>\n                            <\/div>\n                          <\/div>\n                          <div data-colibri-id=\"15940-c28\" class=\"h-divider style-5205 style-local-15940-c28 position-relative h-element\">\n                            <!----><span class=\"h-divider__line style-5205-line style-local-15940-c28-line style-5205-line style-local-15940-c28-line\"><\/span><\/div>\n                          <div data-toggle=\"true\" data-is-preview=\"true\" data-colibri-component=\"accordion\" data-colibri-id=\"15940-c29\"\n                            class=\"h-accordion style-5222 style-local-15940-c29 position-relative h-element\">\n                            <!---->\n                            <div data-colibri-id=\"15940-c30\" class=\"h-accordion-item h-accordion-item-first-child style-5223 style-local-15940-c30 position-relative h-element\">\n                              <!---->\n                              <a data-open-by-default=\"false\" href=\"#15940-c30\" class=\"h-accordion-item-title d-flex align-items-center h-global-transition\">\n                                <!----><span>QUANTITY<\/span>\n                                <div class=\"h-accordion-item-title-normal-icon h-accordion-item-title-icon h-accordion-item-title-icon-right\"><span class=\"h-svg-icon\"><!--Icon by Ionicons (https:\/\/ionicons.com)--><svg version=\"1.1\" xmlns=\"http:\/\/www.w3.org\/2000\/svg\" xmlns:xlink=\"http:\/\/www.w3.org\/1999\/xlink\" id=\"ios-arrow-down\" viewbox=\"0 0 320 512\"><path d=\"M301 160l19 21-160 171L0 181l19-21 141 150z\"><\/path><\/svg><\/span><\/div>\n                                <div class=\"h-accordion-item-title-active-icon h-accordion-item-title-icon h-accordion-item-title-icon-right\"><span class=\"h-svg-icon\"><!--Icon by Ionicons (https:\/\/ionicons.com)--><svg version=\"1.1\" xmlns=\"http:\/\/www.w3.org\/2000\/svg\" xmlns:xlink=\"http:\/\/www.w3.org\/1999\/xlink\" id=\"ios-arrow-up\" viewbox=\"0 0 320 512\"><path d=\"M301 352L160 202 19 352 0 331l160-171 160 171z\"><\/path><\/svg><\/span><\/div>\n                              <\/a>\n                              <div id=\"15940-c30\" class=\"h-accordion-item-content__container\">\n                                <div class=\"w-100 h-y-container h-accordion-item-content\">\n                                  <!---->\n                                  <div data-colibri-id=\"15940-c31\" class=\"h-text h-text-component style-5224 style-local-15940-c31 position-relative h-element\">\n                                    <!---->\n                                    <!---->\n                                    <div class=\"\">\n                                      <p><span style=\"font-weight: 300;\">Adult: Box 100 units. Pack: 5 units. Same color same size.<\/span><\/p>\n                                      <p><span style=\"font-weight: 300;\">Child: Box 100 units. Pack: 5 units. Same color same size.<\/span><\/p>\n                                    <\/div>\n                                  <\/div>\n                                <\/div>\n                              <\/div>\n                            <\/div>\n                          <\/div>\n                          <div data-colibri-id=\"15940-c32\" class=\"h-divider style-5205 style-local-15940-c32 position-relative h-element\">\n                            <!----><span class=\"h-divider__line style-5205-line style-local-15940-c32-line style-5205-line style-local-15940-c32-line\"><\/span><\/div>\n                          <div data-colibri-id=\"15940-c33\" class=\"h-x-container style-5225 style-local-15940-c33 position-relative h-element\">\n                            <!---->\n                            <div class=\"h-x-container-inner style-dynamic-15940-c33-group style-5225-spacing style-local-15940-c33-spacing\"><span class=\"h-button__outer style-5226-outer style-local-15940-c34-outer d-inline-flex h-element\"><a h-use-smooth-scroll=\"true\" href=\"\" target=\"_blank\"  data-colibri-id=\"15940-c34\" class=\"d-flex w-100 align-items-center h-button justify-content-lg-center justify-content-md-center justify-content-center style-5226 style-local-15940-c34 position-relative\"><!----><!----> <span>FICHA T\u00c9CNICA<\/span><\/a>\n                              <\/span>\n                            <\/div>\n                          <\/div>\n                        <\/div>\n                      <\/div>\n                    <\/div>\n                  <\/div>\n                <\/div>\n              <\/div>\n            <\/div>\n          <\/div>\n        <\/div>\n      <\/div>\n    <\/div>\n  <\/div>\n<\/div>","protected":false},"excerpt":{"rendered":"<p>SIMI LARGO CA1812 CA1812 Simi largo Delantal largo sarga. Cintas del mismo tejido para ajustar en la cintura. Bolsillo grande delantero en pecho. COMPOSICI\u00d3N 60% algod\u00f3n 40% poli\u00e9ster. 250g\/m2 70cm x 95cm OBSERVACIONES *Etiqueta removible *Transfer *Manipulado CANTIDAD Adulto: Caja 100 unidades. Pack: 5 unidades. Mismo color misma talla. Ni\u00f1o: Caja 100 unidades. Pack: 5 [&hellip;]<\/p>","protected":false},"author":1,"featured_media":0,"parent":0,"menu_order":0,"comment_status":"closed","ping_status":"closed","template":"page-templates\/full-width-page.php","meta":{"footnotes":""},"class_list":["post-15940","page","type-page","status-publish","hentry"],"_links":{"self":[{"href":"https:\/\/texking.es\/en\/wp-json\/wp\/v2\/pages\/15940","targetHints":{"allow":["GET"]}}],"collection":[{"href":"https:\/\/texking.es\/en\/wp-json\/wp\/v2\/pages"}],"about":[{"href":"https:\/\/texking.es\/en\/wp-json\/wp\/v2\/types\/page"}],"author":[{"embeddable":true,"href":"https:\/\/texking.es\/en\/wp-json\/wp\/v2\/users\/1"}],"replies":[{"embeddable":true,"href":"https:\/\/texking.es\/en\/wp-json\/wp\/v2\/comments?post=15940"}],"version-history":[{"count":3,"href":"https:\/\/texking.es\/en\/wp-json\/wp\/v2\/pages\/15940\/revisions"}],"predecessor-version":[{"id":15976,"href":"https:\/\/texking.es\/en\/wp-json\/wp\/v2\/pages\/15940\/revisions\/15976"}],"wp:attachment":[{"href":"https:\/\/texking.es\/en\/wp-json\/wp\/v2\/media?parent=15940"}],"curies":[{"name":"wp","href":"https:\/\/api.w.org\/{rel}","templated":true}]}}